{"id":3564,"date":"2021-11-16T22:13:56","date_gmt":"2021-11-16T22:13:56","guid":{"rendered":"https:\/\/nextkayak.nl\/?post_type=product&#038;p=3564"},"modified":"2026-02-08T11:29:11","modified_gmt":"2026-02-08T11:29:11","slug":"albey","status":"publish","type":"product","link":"https:\/\/nextkayak.nl\/en\/product\/albey\/","title":{"rendered":"Albey S|M|L"},"content":{"rendered":"<p>Albey was introduced in June 2020 in colaboration with Tom\u00e1\u0161 &#8220;Albey&#8221; Van\u011b\u010dek. Albey is a model with a \u201cclean\u201d figure without any depressions or bulges, ensuring easy going into and from the water with very good stroke control. Low weight together with high endurance is a key of success, nevertheless the paddle must also guarantee all fundamental attributes for paddling. We realize, each paddler has his unique style of paddling, so our production is custom made based on individual needs.<\/p>\n<p>Albey can be equipped with a standard blade <strong>Albey 1<\/strong> or with a front-inclined blade<strong> Albey 2<\/strong>. Both variants allow the paddlers to choose the better option for them according to their paddling style. Same can be said on the stiffness of the shaft and the size of the blade. The length of the blade is fixed for 465 mm and the width can be either:<br \/>\nS | 150 mm<br \/>\nM | 160 mm<br \/>\nL | 170 mm<\/p>\n<p>Also customizable is the adjustability of the shaft.<br \/>\nThe handle is standard made out of wood but can be changed to carbon.<\/p>\n","protected":false},"excerpt":{"rendered":"<p>Albey was introduced in June 2020 in colaboration with Tom\u00e1\u0161 &#8220;Albey&#8221; Van\u011b\u010dek. Albey is a model with a \u201cclean\u201d figure without any depressions or bulges, ensuring easy going into and from the water with very good stroke control. Low weight together with high endurance is a key of success, nevertheless the paddle must also guarantee [&#8230;]\n","protected":false},"featured_media":3585,"template":"","meta":[],"product_brand":[],"product_cat":[76],"product_tag":[],"class_list":{"0":"post-3564","1":"product","2":"type-product","3":"status-publish","4":"has-post-thumbnail","6":"product_cat-paddles","8":"first","9":"instock","10":"taxable","11":"shipping-taxable","12":"purchasable","13":"product-type-variable"},"jetpack_sharing_enabled":true,"_links":{"self":[{"href":"https:\/\/nextkayak.nl\/en\/wp-json\/wp\/v2\/product\/3564","targetHints":{"allow":["GET"]}}],"collection":[{"href":"https:\/\/nextkayak.nl\/en\/wp-json\/wp\/v2\/product"}],"about":[{"href":"https:\/\/nextkayak.nl\/en\/wp-json\/wp\/v2\/types\/product"}],"wp:featuredmedia":[{"embeddable":true,"href":"https:\/\/nextkayak.nl\/en\/wp-json\/wp\/v2\/media\/3585"}],"wp:attachment":[{"href":"https:\/\/nextkayak.nl\/en\/wp-json\/wp\/v2\/media?parent=3564"}],"wp:term":[{"taxonomy":"product_brand","embeddable":true,"href":"https:\/\/nextkayak.nl\/en\/wp-json\/wp\/v2\/product_brand?post=3564"},{"taxonomy":"product_cat","embeddable":true,"href":"https:\/\/nextkayak.nl\/en\/wp-json\/wp\/v2\/product_cat?post=3564"},{"taxonomy":"product_tag","embeddable":true,"href":"https:\/\/nextkayak.nl\/en\/wp-json\/wp\/v2\/product_tag?post=3564"}],"curies":[{"name":"wp","href":"https:\/\/api.w.org\/{rel}","templated":true}]}}