{"id":2625,"date":"2020-03-24T22:30:56","date_gmt":"2020-03-24T22:30:56","guid":{"rendered":"https:\/\/nextkayak.nl\/en\/?post_type=product&#038;p=2625"},"modified":"2025-05-10T13:09:11","modified_gmt":"2025-05-10T13:09:11","slug":"v1","status":"publish","type":"product","link":"https:\/\/nextkayak.nl\/en\/product\/v1\/","title":{"rendered":"V1  |  V1 Junior"},"content":{"rendered":"<p>The blade was designed in cooperation between Vojt\u011bch Mal\u00fd and Karel Ra\u0161ner. The blade perfectly cut the water and goes through the water when paddling. Thanks to the size and the tilt it helps control your boat.<\/p>\n<p>There is also a Junior Version which has a reduced blade size.<\/p>\n","protected":false},"excerpt":{"rendered":"<p>Slalom C1 paddle.<\/p>\n","protected":false},"featured_media":598,"template":"","meta":[],"product_brand":[],"product_cat":[76],"product_tag":[],"class_list":{"0":"post-2625","1":"product","2":"type-product","3":"status-publish","4":"has-post-thumbnail","6":"product_cat-paddles","8":"first","9":"instock","10":"taxable","11":"shipping-taxable","12":"purchasable","13":"product-type-variable"},"jetpack_sharing_enabled":true,"_links":{"self":[{"href":"https:\/\/nextkayak.nl\/en\/wp-json\/wp\/v2\/product\/2625","targetHints":{"allow":["GET"]}}],"collection":[{"href":"https:\/\/nextkayak.nl\/en\/wp-json\/wp\/v2\/product"}],"about":[{"href":"https:\/\/nextkayak.nl\/en\/wp-json\/wp\/v2\/types\/product"}],"wp:featuredmedia":[{"embeddable":true,"href":"https:\/\/nextkayak.nl\/en\/wp-json\/wp\/v2\/media\/598"}],"wp:attachment":[{"href":"https:\/\/nextkayak.nl\/en\/wp-json\/wp\/v2\/media?parent=2625"}],"wp:term":[{"taxonomy":"product_brand","embeddable":true,"href":"https:\/\/nextkayak.nl\/en\/wp-json\/wp\/v2\/product_brand?post=2625"},{"taxonomy":"product_cat","embeddable":true,"href":"https:\/\/nextkayak.nl\/en\/wp-json\/wp\/v2\/product_cat?post=2625"},{"taxonomy":"product_tag","embeddable":true,"href":"https:\/\/nextkayak.nl\/en\/wp-json\/wp\/v2\/product_tag?post=2625"}],"curies":[{"name":"wp","href":"https:\/\/api.w.org\/{rel}","templated":true}]}}